{"id":1927,"date":"2017-06-09T13:38:39","date_gmt":"2017-06-09T19:38:39","guid":{"rendered":"http:\/\/www.greencentercr.com\/?page_id=1927"},"modified":"2017-12-03T21:48:23","modified_gmt":"2017-12-04T03:48:23","slug":"green-center-seal","status":"publish","type":"page","link":"https:\/\/www.greencentercr.com\/en\/who-we-are\/green-center-seal\/","title":{"rendered":"Green Center Seal"},"content":{"rendered":"\n  <div class=\"banner has-hover\" id=\"banner-2007866071\">\n          <div class=\"banner-inner fill\">\n        <div class=\"banner-bg fill\" >\n            <img loading=\"lazy\" decoding=\"async\" width=\"800\" height=\"300\" src=\"https:\/\/www.greencentercr.com\/wp-content\/uploads\/2017\/03\/FrutasVerduras2.jpg\" class=\"bg attachment-orginal size-orginal\" alt=\"Frutas &amp; Verduras\" \/>                        <div class=\"overlay\"><\/div>            \n                    <\/div>\n\t\t\n        <div class=\"banner-layers container\">\n            <div class=\"fill banner-link\"><\/div>            \n   <div id=\"text-box-1008454455\" class=\"text-box banner-layer x50 md-x50 lg-x50 y95 md-y95 lg-y95 res-text\">\n                                <div class=\"text-box-content text dark\">\n              \n              <div class=\"text-inner text-center\">\n                  \n<h1 class=\"uppercase\" style=\"font-size: 1.5em;\">Sello Green Center<\/h1>\n<p class=\"lead\">El <strong>sello de sostenibilidad Green Center<\/strong> es una iniciativa para garantizar a nuestros clientes que ofrecemos productos sostenibles y de calidad en diferentes \u00e1reas. Esta propuesta responde a un compromiso de Green Center para lograr que la producci\u00f3n sea respetuosa con la naturaleza, las personas y los animales.<\/p>\n              <\/div>\n           <\/div>\n                            \n<style>\n#text-box-1008454455 {\n  width: 89%;\n}\n#text-box-1008454455 .text-box-content {\n  font-size: 100%;\n}\n<\/style>\n    <\/div>\n \n        <\/div>\n      <\/div>\n\n            \n<style>\n#banner-2007866071 {\n  padding-top: 343px;\n}\n#banner-2007866071 .overlay {\n  background-color: rgba(0, 0, 0, 0.49);\n}\n#banner-2007866071 .banner-bg img {\n  object-position: 30% 0%;\n}\n<\/style>\n  <\/div>\n\n\n<div class=\"row row-small align-equal align-center\"  id=\"row-327755824\">\n\n\t<div id=\"col-1142780647\" class=\"col medium-6 small-12 large-6\"  >\n\t\t\t\t<div class=\"col-inner\"  >\n\t\t\t\n\t\t\t\n<p style=\"text-align: center;\"><img loading=\"lazy\" decoding=\"async\" class=\"aligncenter size-full wp-image-1473\" src=\"http:\/\/www.greencentercr.com\/wp-content\/uploads\/2017\/06\/sello_green_center.jpg\" alt=\"Sello de sostenibilidad Green Center\" width=\"275\" height=\"325\" \/><\/p>\n\t\t<\/div>\n\t\t\t\t\t<\/div>\n\n\t\n\n\t<div id=\"col-970225194\" class=\"col medium-6 small-12 large-6\"  >\n\t\t\t\t<div class=\"col-inner\"  >\n\t\t\t\n\t\t\t\n<p>A trav\u00e9s de esta herramienta de an\u00e1lisis y diagn\u00f3stico de los sistemas de producci\u00f3n, trabajamos de la mano con nuestros proveedores en 13 categor\u00edas, en la b\u00fasqueda de soluciones para la mejora continua y la satisfacci\u00f3n de los consumidores.<\/p>\n<p>Como ente promotor y supervisor, Green Center establece un plan modelo en el pa\u00eds para productos catalogados como verdes o sostenibles.<\/p>\n\t\t<\/div>\n\t\t\t\t\t<\/div>\n\n\t\n<\/div>\n","protected":false},"excerpt":{"rendered":"","protected":false},"author":2,"featured_media":0,"parent":1863,"menu_order":0,"comment_status":"closed","ping_status":"closed","template":"page-transparent-header-light.php","meta":{"footnotes":""},"class_list":["post-1927","page","type-page","status-publish","hentry"],"yoast_head":"<!-- This site is optimized with the Yoast SEO plugin v27.4 - https:\/\/yoast.com\/product\/yoast-seo-wordpress\/ -->\n<title>Green Center Seal &#8226; Green Center<\/title>\n<meta name=\"robots\" content=\"index, follow, max-snippet:-1, max-image-preview:large, max-video-preview:-1\" \/>\n<link rel=\"canonical\" href=\"https:\/\/www.greencentercr.com\/en\/who-we-are\/green-center-seal\/\" \/>\n<meta property=\"og:locale\" content=\"en_US\" \/>\n<meta property=\"og:type\" content=\"article\" \/>\n<meta property=\"og:title\" content=\"Green Center Seal &#8226; Green Center\" \/>\n<meta property=\"og:url\" content=\"https:\/\/www.greencentercr.com\/en\/who-we-are\/green-center-seal\/\" \/>\n<meta property=\"og:site_name\" content=\"Green Center\" \/>\n<meta property=\"article:modified_time\" content=\"2017-12-04T03:48:23+00:00\" \/>\n<meta property=\"og:image\" content=\"http:\/\/www.greencentercr.com\/wp-content\/uploads\/2017\/06\/sello_green_center.jpg\" \/>\n<meta name=\"twitter:card\" content=\"summary_large_image\" \/>\n<meta name=\"twitter:label1\" content=\"Est. reading time\" \/>\n\t<meta name=\"twitter:data1\" content=\"1 minute\" \/>\n<script type=\"application\/ld+json\" class=\"yoast-schema-graph\">{\"@context\":\"https:\\\/\\\/schema.org\",\"@graph\":[{\"@type\":\"WebPage\",\"@id\":\"https:\\\/\\\/www.greencentercr.com\\\/en\\\/who-we-are\\\/green-center-seal\\\/\",\"url\":\"https:\\\/\\\/www.greencentercr.com\\\/en\\\/who-we-are\\\/green-center-seal\\\/\",\"name\":\"Green Center Seal &#8226; Green Center\",\"isPartOf\":{\"@id\":\"https:\\\/\\\/en.greencentercr.com\\\/#website\"},\"primaryImageOfPage\":{\"@id\":\"https:\\\/\\\/www.greencentercr.com\\\/en\\\/who-we-are\\\/green-center-seal\\\/#primaryimage\"},\"image\":{\"@id\":\"https:\\\/\\\/www.greencentercr.com\\\/en\\\/who-we-are\\\/green-center-seal\\\/#primaryimage\"},\"thumbnailUrl\":\"http:\\\/\\\/www.greencentercr.com\\\/wp-content\\\/uploads\\\/2017\\\/06\\\/sello_green_center.jpg\",\"datePublished\":\"2017-06-09T19:38:39+00:00\",\"dateModified\":\"2017-12-04T03:48:23+00:00\",\"breadcrumb\":{\"@id\":\"https:\\\/\\\/www.greencentercr.com\\\/en\\\/who-we-are\\\/green-center-seal\\\/#breadcrumb\"},\"inLanguage\":\"en-US\",\"potentialAction\":[{\"@type\":\"ReadAction\",\"target\":[\"https:\\\/\\\/www.greencentercr.com\\\/en\\\/who-we-are\\\/green-center-seal\\\/\"]}]},{\"@type\":\"ImageObject\",\"inLanguage\":\"en-US\",\"@id\":\"https:\\\/\\\/www.greencentercr.com\\\/en\\\/who-we-are\\\/green-center-seal\\\/#primaryimage\",\"url\":\"http:\\\/\\\/www.greencentercr.com\\\/wp-content\\\/uploads\\\/2017\\\/06\\\/sello_green_center.jpg\",\"contentUrl\":\"http:\\\/\\\/www.greencentercr.com\\\/wp-content\\\/uploads\\\/2017\\\/06\\\/sello_green_center.jpg\"},{\"@type\":\"BreadcrumbList\",\"@id\":\"https:\\\/\\\/www.greencentercr.com\\\/en\\\/who-we-are\\\/green-center-seal\\\/#breadcrumb\",\"itemListElement\":[{\"@type\":\"ListItem\",\"position\":1,\"name\":\"Portada\",\"item\":\"https:\\\/\\\/www.greencentercr.com\\\/en\\\/\"},{\"@type\":\"ListItem\",\"position\":2,\"name\":\"Who We Are\",\"item\":\"https:\\\/\\\/www.greencentercr.com\\\/en\\\/who-we-are\\\/\"},{\"@type\":\"ListItem\",\"position\":3,\"name\":\"Green Center Seal\"}]},{\"@type\":\"WebSite\",\"@id\":\"https:\\\/\\\/en.greencentercr.com\\\/#website\",\"url\":\"https:\\\/\\\/en.greencentercr.com\\\/\",\"name\":\"Green Center\",\"description\":\"Supermercado Org\u00e1nico\",\"publisher\":{\"@id\":\"https:\\\/\\\/en.greencentercr.com\\\/#organization\"},\"potentialAction\":[{\"@type\":\"SearchAction\",\"target\":{\"@type\":\"EntryPoint\",\"urlTemplate\":\"https:\\\/\\\/en.greencentercr.com\\\/?s={search_term_string}\"},\"query-input\":{\"@type\":\"PropertyValueSpecification\",\"valueRequired\":true,\"valueName\":\"search_term_string\"}}],\"inLanguage\":\"en-US\"},{\"@type\":\"Organization\",\"@id\":\"https:\\\/\\\/en.greencentercr.com\\\/#organization\",\"name\":\"Green Center Costa Rica S.A.\",\"url\":\"https:\\\/\\\/en.greencentercr.com\\\/\",\"logo\":{\"@type\":\"ImageObject\",\"inLanguage\":\"en-US\",\"@id\":\"https:\\\/\\\/en.greencentercr.com\\\/#\\\/schema\\\/logo\\\/image\\\/\",\"url\":\"https:\\\/\\\/www.greencentercr.com\\\/wp-content\\\/uploads\\\/2016\\\/10\\\/LOGO_GC.png\",\"contentUrl\":\"https:\\\/\\\/www.greencentercr.com\\\/wp-content\\\/uploads\\\/2016\\\/10\\\/LOGO_GC.png\",\"width\":200,\"height\":100,\"caption\":\"Green Center Costa Rica S.A.\"},\"image\":{\"@id\":\"https:\\\/\\\/en.greencentercr.com\\\/#\\\/schema\\\/logo\\\/image\\\/\"}}]}<\/script>\n<!-- \/ Yoast SEO plugin. -->","yoast_head_json":{"title":"Green Center Seal &#8226; Green Center","robots":{"index":"index","follow":"follow","max-snippet":"max-snippet:-1","max-image-preview":"max-image-preview:large","max-video-preview":"max-video-preview:-1"},"canonical":"https:\/\/www.greencentercr.com\/en\/who-we-are\/green-center-seal\/","og_locale":"en_US","og_type":"article","og_title":"Green Center Seal &#8226; Green Center","og_url":"https:\/\/www.greencentercr.com\/en\/who-we-are\/green-center-seal\/","og_site_name":"Green Center","article_modified_time":"2017-12-04T03:48:23+00:00","og_image":[{"url":"http:\/\/www.greencentercr.com\/wp-content\/uploads\/2017\/06\/sello_green_center.jpg","type":"","width":"","height":""}],"twitter_card":"summary_large_image","twitter_misc":{"Est. reading time":"1 minute"},"schema":{"@context":"https:\/\/schema.org","@graph":[{"@type":"WebPage","@id":"https:\/\/www.greencentercr.com\/en\/who-we-are\/green-center-seal\/","url":"https:\/\/www.greencentercr.com\/en\/who-we-are\/green-center-seal\/","name":"Green Center Seal &#8226; Green Center","isPartOf":{"@id":"https:\/\/en.greencentercr.com\/#website"},"primaryImageOfPage":{"@id":"https:\/\/www.greencentercr.com\/en\/who-we-are\/green-center-seal\/#primaryimage"},"image":{"@id":"https:\/\/www.greencentercr.com\/en\/who-we-are\/green-center-seal\/#primaryimage"},"thumbnailUrl":"http:\/\/www.greencentercr.com\/wp-content\/uploads\/2017\/06\/sello_green_center.jpg","datePublished":"2017-06-09T19:38:39+00:00","dateModified":"2017-12-04T03:48:23+00:00","breadcrumb":{"@id":"https:\/\/www.greencentercr.com\/en\/who-we-are\/green-center-seal\/#breadcrumb"},"inLanguage":"en-US","potentialAction":[{"@type":"ReadAction","target":["https:\/\/www.greencentercr.com\/en\/who-we-are\/green-center-seal\/"]}]},{"@type":"ImageObject","inLanguage":"en-US","@id":"https:\/\/www.greencentercr.com\/en\/who-we-are\/green-center-seal\/#primaryimage","url":"http:\/\/www.greencentercr.com\/wp-content\/uploads\/2017\/06\/sello_green_center.jpg","contentUrl":"http:\/\/www.greencentercr.com\/wp-content\/uploads\/2017\/06\/sello_green_center.jpg"},{"@type":"BreadcrumbList","@id":"https:\/\/www.greencentercr.com\/en\/who-we-are\/green-center-seal\/#breadcrumb","itemListElement":[{"@type":"ListItem","position":1,"name":"Portada","item":"https:\/\/www.greencentercr.com\/en\/"},{"@type":"ListItem","position":2,"name":"Who We Are","item":"https:\/\/www.greencentercr.com\/en\/who-we-are\/"},{"@type":"ListItem","position":3,"name":"Green Center Seal"}]},{"@type":"WebSite","@id":"https:\/\/en.greencentercr.com\/#website","url":"https:\/\/en.greencentercr.com\/","name":"Green Center","description":"Supermercado Org\u00e1nico","publisher":{"@id":"https:\/\/en.greencentercr.com\/#organization"},"potentialAction":[{"@type":"SearchAction","target":{"@type":"EntryPoint","urlTemplate":"https:\/\/en.greencentercr.com\/?s={search_term_string}"},"query-input":{"@type":"PropertyValueSpecification","valueRequired":true,"valueName":"search_term_string"}}],"inLanguage":"en-US"},{"@type":"Organization","@id":"https:\/\/en.greencentercr.com\/#organization","name":"Green Center Costa Rica S.A.","url":"https:\/\/en.greencentercr.com\/","logo":{"@type":"ImageObject","inLanguage":"en-US","@id":"https:\/\/en.greencentercr.com\/#\/schema\/logo\/image\/","url":"https:\/\/www.greencentercr.com\/wp-content\/uploads\/2016\/10\/LOGO_GC.png","contentUrl":"https:\/\/www.greencentercr.com\/wp-content\/uploads\/2016\/10\/LOGO_GC.png","width":200,"height":100,"caption":"Green Center Costa Rica S.A."},"image":{"@id":"https:\/\/en.greencentercr.com\/#\/schema\/logo\/image\/"}}]}},"_links":{"self":[{"href":"https:\/\/www.greencentercr.com\/en\/wp-json\/wp\/v2\/pages\/1927","targetHints":{"allow":["GET"]}}],"collection":[{"href":"https:\/\/www.greencentercr.com\/en\/wp-json\/wp\/v2\/pages"}],"about":[{"href":"https:\/\/www.greencentercr.com\/en\/wp-json\/wp\/v2\/types\/page"}],"author":[{"embeddable":true,"href":"https:\/\/www.greencentercr.com\/en\/wp-json\/wp\/v2\/users\/2"}],"replies":[{"embeddable":true,"href":"https:\/\/www.greencentercr.com\/en\/wp-json\/wp\/v2\/comments?post=1927"}],"version-history":[{"count":2,"href":"https:\/\/www.greencentercr.com\/en\/wp-json\/wp\/v2\/pages\/1927\/revisions"}],"predecessor-version":[{"id":1929,"href":"https:\/\/www.greencentercr.com\/en\/wp-json\/wp\/v2\/pages\/1927\/revisions\/1929"}],"up":[{"embeddable":true,"href":"https:\/\/www.greencentercr.com\/en\/wp-json\/wp\/v2\/pages\/1863"}],"wp:attachment":[{"href":"https:\/\/www.greencentercr.com\/en\/wp-json\/wp\/v2\/media?parent=1927"}],"curies":[{"name":"wp","href":"https:\/\/api.w.org\/{rel}","templated":true}]}}